{"id":12,"date":"2026-03-26T10:47:58","date_gmt":"2026-03-26T10:47:58","guid":{"rendered":"https:\/\/sangiorgioresort.cambia-marketing.it\/?page_id=12"},"modified":"2026-04-21T09:48:25","modified_gmt":"2026-04-21T09:48:25","slug":"home","status":"publish","type":"page","link":"https:\/\/sangiorgioresort.it\/en\/","title":{"rendered":"Home"},"content":{"rendered":"\t\t<div data-elementor-type=\"wp-page\" data-elementor-id=\"12\" class=\"elementor elementor-12\" data-elementor-post-type=\"page\">\n\t\t\t\t<div class=\"elementor-element elementor-element-dd64336 e-con-full e-flex e-con e-parent\" data-id=\"dd64336\" data-element_type=\"container\" data-e-type=\"container\" data-settings=\"{&quot;background_background&quot;:&quot;video&quot;,&quot;background_video_link&quot;:&quot;\\\/wp-content\\\/uploads\\\/2026\\\/03\\\/San_Giorgio_Resort_video.mp4&quot;,&quot;background_play_on_mobile&quot;:&quot;yes&quot;}\">\n\t\t<div class=\"elementor-background-video-container\">\n\t\t\t\t\t\t\t<video class=\"elementor-background-video-hosted\" role=\"presentation\" autoplay muted playsinline loop><\/video>\n\t\t\t\t\t<\/div>\t\t<\/div>\n\t\t<div class=\"elementor-element elementor-element-ebb62bf e-con-full e-flex e-con e-child\" data-id=\"ebb62bf\" data-element_type=\"container\" data-e-type=\"container\">\n\t\t<div class=\"elementor-element elementor-element-c0e25af e-con-full e-flex e-con e-child\" data-id=\"c0e25af\" data-element_type=\"container\" data-e-type=\"container\">\n\t\t\t\t<div class=\"elementor-element elementor-element-35915c7 elementor-widget elementor-widget-heading\" data-id=\"35915c7\" data-element_type=\"widget\" data-e-type=\"widget\" data-widget_type=\"heading.default\">\n\t\t\t\t\t<h2 class=\"elementor-heading-title elementor-size-default\">Sangiorgio Resort &amp; SPA<\/h2>\t\t\t\t<\/div>\n\t\t\t\t<div class=\"elementor-element elementor-element-6dcecf3 elementor-widget-mobile__width-initial elementor-widget elementor-widget-heading\" data-id=\"6dcecf3\" data-element_type=\"widget\" data-e-type=\"widget\" data-widget_type=\"heading.default\">\n\t\t\t\t\t<h2 class=\"elementor-heading-title elementor-size-default\">Ospitalit\u00e0, Natura &amp; Relax<\/h2>\t\t\t\t<\/div>\n\t\t<div class=\"elementor-element elementor-element-6aa91a3 e-con-full e-flex e-con e-child\" data-id=\"6aa91a3\" data-element_type=\"container\" data-e-type=\"container\">\n\t\t\t\t<div class=\"elementor-element elementor-element-a58470a elementor-widget__width-initial elementor-widget elementor-widget-text-editor\" data-id=\"a58470a\" data-element_type=\"widget\" data-e-type=\"widget\" data-widget_type=\"text-editor.default\">\n\t\t\t\t\t\t\t\t\t<p>Il Sangiorgio Resort, resort di charme a Cutrofiano vicino Lecce, nel cuore del Salento, nasce dal recupero di un antico complesso monastico trasformato in una struttura elegante dedicata all\u2019ospitalit\u00e0, al benessere e agli eventi. Il ristorante propone cucina tipica salentina e piatti del territorio, accompagnati da una selezione di vini custoditi nell\u2019antica cantina.<\/p><p>Il resort dispone di sala ricevimenti per matrimoni e cerimonie, sala convegni per meeting, suites di charme e una SPA con sauna, bagno turco, piscina con nuoto controcorrente, idromassaggio, area trattamenti e zona relax.<\/p><p>Situato in posizione strategica tra Lecce, Gallipoli e Otranto, il Sangiorgio Resort \u00e8 immerso nella natura del Salento, tra uliveti e vigneti, ed \u00e8 la scelta ideale per chi cerca relax, eventi esclusivi e soggiorni di qualit\u00e0 in Puglia.<\/p>\t\t\t\t\t\t\t\t<\/div>\n\t\t\t\t<\/div>\n\t\t\t\t<\/div>\n\t\t<div class=\"elementor-element elementor-element-4f5f605 e-con-full e-flex e-con e-child\" data-id=\"4f5f605\" data-element_type=\"container\" data-e-type=\"container\" data-settings=\"{&quot;background_background&quot;:&quot;classic&quot;}\">\n\t\t\t\t<\/div>\n\t\t\t\t<\/div>\n\t\t<div class=\"elementor-element elementor-element-ace049e e-con-full e-flex e-con e-parent\" data-id=\"ace049e\" data-element_type=\"container\" data-e-type=\"container\">\n\t\t<div class=\"elementor-element elementor-element-8aaf18e e-con-full e-flex e-con e-child\" data-id=\"8aaf18e\" data-element_type=\"container\" data-e-type=\"container\" data-settings=\"{&quot;background_background&quot;:&quot;classic&quot;}\">\n\t\t<div class=\"elementor-element elementor-element-0f7a6be e-con-full e-flex e-con e-child\" data-id=\"0f7a6be\" data-element_type=\"container\" data-e-type=\"container\" data-settings=\"{&quot;sticky&quot;:&quot;top&quot;,&quot;sticky_offset&quot;:80,&quot;sticky_parent&quot;:&quot;yes&quot;,&quot;sticky_on&quot;:[&quot;desktop&quot;,&quot;tablet&quot;],&quot;sticky_offset_mobile&quot;:0,&quot;sticky_effects_offset&quot;:0,&quot;sticky_anchor_link_offset&quot;:0}\">\n\t\t<div class=\"elementor-element elementor-element-25128fa e-con-full e-flex e-con e-child\" data-id=\"25128fa\" data-element_type=\"container\" data-e-type=\"container\" data-settings=\"{&quot;background_background&quot;:&quot;classic&quot;}\">\n\t\t\t\t<div class=\"elementor-element elementor-element-47052db elementor-widget elementor-widget-heading\" data-id=\"47052db\" data-element_type=\"widget\" data-e-type=\"widget\" data-widget_type=\"heading.default\">\n\t\t\t\t\t<h2 class=\"elementor-heading-title elementor-size-default\">Il Resort<\/h2>\t\t\t\t<\/div>\n\t\t\t\t<div class=\"elementor-element elementor-element-f006688 elementor-widget__width-initial elementor-widget elementor-widget-text-editor\" data-id=\"f006688\" data-element_type=\"widget\" data-e-type=\"widget\" data-widget_type=\"text-editor.default\">\n\t\t\t\t\t\t\t\t\t<p>Ogni camera \u00e8 elegantemente arredata in stile classico e conferisce un raffinato senso dell\u2019accoglienza oltre a permettere agli ospiti di gustare in pieno relax la loro permanenza nel vero cuore del Salento.<\/p>\t\t\t\t\t\t\t\t<\/div>\n\t\t\t\t<div class=\"elementor-element elementor-element-0dc1d16 elementor-widget elementor-widget-heading\" data-id=\"0dc1d16\" data-element_type=\"widget\" data-e-type=\"widget\" data-widget_type=\"heading.default\">\n\t\t\t\t\t<h2 class=\"elementor-heading-title elementor-size-default\"><a href=\"\/sangiorgio-resort\">Scopri di pi\u00f9<\/a><\/h2>\t\t\t\t<\/div>\n\t\t\t\t<\/div>\n\t\t\t\t<\/div>\n\t\t<div class=\"elementor-element elementor-element-47a6cf0 e-con-full e-flex e-con e-child\" data-id=\"47a6cf0\" data-element_type=\"container\" data-e-type=\"container\" data-settings=\"{&quot;background_background&quot;:&quot;classic&quot;}\">\n\t\t<div class=\"elementor-element elementor-element-39d2399 e-con-full e-flex e-con e-child\" data-id=\"39d2399\" data-element_type=\"container\" data-e-type=\"container\">\n\t\t<div class=\"elementor-element elementor-element-9c711f4 e-con-full e-flex e-con e-child\" data-id=\"9c711f4\" data-element_type=\"container\" data-e-type=\"container\" data-settings=\"{&quot;background_background&quot;:&quot;classic&quot;}\">\n\t\t\t\t<\/div>\n\t\t<div class=\"elementor-element elementor-element-f4e4a9b e-con-full e-flex e-con e-child\" data-id=\"f4e4a9b\" data-element_type=\"container\" data-e-type=\"container\">\n\t\t\t\t<div class=\"elementor-element elementor-element-5634ab4 elementor-widget elementor-widget-heading\" data-id=\"5634ab4\" data-element_type=\"widget\" data-e-type=\"widget\" data-widget_type=\"heading.default\">\n\t\t\t\t\t<h2 class=\"elementor-heading-title elementor-size-default\">Suites &amp; Camere<\/h2>\t\t\t\t<\/div>\n\t\t\t\t<div class=\"elementor-element elementor-element-e0491e3 elementor-widget elementor-widget-text-editor\" data-id=\"e0491e3\" data-element_type=\"widget\" data-e-type=\"widget\" data-widget_type=\"text-editor.default\">\n\t\t\t\t\t\t\t\t\tOgni camera \u00e8 elegantemente arredata in stile classico e conferisce un raffinato senso dell\u2019accoglienza oltre a permettere agli ospiti di gustare in pieno relax la loro permanenza nel vero cuore del Salento.\t\t\t\t\t\t\t\t<\/div>\n\t\t\t\t<div class=\"elementor-element elementor-element-dd4cbcb elementor-widget elementor-widget-heading\" data-id=\"dd4cbcb\" data-element_type=\"widget\" data-e-type=\"widget\" data-widget_type=\"heading.default\">\n\t\t\t\t\t<h2 class=\"elementor-heading-title elementor-size-default\"><a href=\"\/suites-camere\">Scopri di pi\u00f9<\/a><\/h2>\t\t\t\t<\/div>\n\t\t\t\t<\/div>\n\t\t\t\t<\/div>\n\t\t<div class=\"elementor-element elementor-element-3304e7b e-con-full e-flex e-con e-child\" data-id=\"3304e7b\" data-element_type=\"container\" data-e-type=\"container\">\n\t\t<div class=\"elementor-element elementor-element-c4d1fa2 e-con-full e-flex e-con e-child\" data-id=\"c4d1fa2\" data-element_type=\"container\" data-e-type=\"container\" data-settings=\"{&quot;background_background&quot;:&quot;classic&quot;}\">\n\t\t\t\t<\/div>\n\t\t<div class=\"elementor-element elementor-element-19530ee e-con-full e-flex e-con e-child\" data-id=\"19530ee\" data-element_type=\"container\" data-e-type=\"container\">\n\t\t\t\t<div class=\"elementor-element elementor-element-a3a2608 elementor-widget elementor-widget-heading\" data-id=\"a3a2608\" data-element_type=\"widget\" data-e-type=\"widget\" data-widget_type=\"heading.default\">\n\t\t\t\t\t<h2 class=\"elementor-heading-title elementor-size-default\">Centro Benessere <\/h2>\t\t\t\t<\/div>\n\t\t\t\t<div class=\"elementor-element elementor-element-7734bda elementor-widget elementor-widget-text-editor\" data-id=\"7734bda\" data-element_type=\"widget\" data-e-type=\"widget\" data-widget_type=\"text-editor.default\">\n\t\t\t\t\t\t\t\t\tIl nostro centro benessere Calidarium \u00e8 un rifugio elegante ed esclusivo, pensato per farti ritrovare l&#8217;equilibrio tra corpo e mente.\t\t\t\t\t\t\t\t<\/div>\n\t\t\t\t<div class=\"elementor-element elementor-element-b1fce9b elementor-widget elementor-widget-heading\" data-id=\"b1fce9b\" data-element_type=\"widget\" data-e-type=\"widget\" data-widget_type=\"heading.default\">\n\t\t\t\t\t<h2 class=\"elementor-heading-title elementor-size-default\"><a href=\"\/centro-benessere-spa\">Scopri di pi\u00f9<\/a><\/h2>\t\t\t\t<\/div>\n\t\t\t\t<\/div>\n\t\t\t\t<\/div>\n\t\t<div class=\"elementor-element elementor-element-d78804f e-con-full e-flex e-con e-child\" data-id=\"d78804f\" data-element_type=\"container\" data-e-type=\"container\">\n\t\t<div class=\"elementor-element elementor-element-e5a0b64 e-con-full e-flex e-con e-child\" data-id=\"e5a0b64\" data-element_type=\"container\" data-e-type=\"container\" data-settings=\"{&quot;background_background&quot;:&quot;classic&quot;}\">\n\t\t\t\t<\/div>\n\t\t<div class=\"elementor-element elementor-element-a7b3073 e-con-full e-flex e-con e-child\" data-id=\"a7b3073\" data-element_type=\"container\" data-e-type=\"container\">\n\t\t\t\t<div class=\"elementor-element elementor-element-fc46aae elementor-widget elementor-widget-heading\" data-id=\"fc46aae\" data-element_type=\"widget\" data-e-type=\"widget\" data-widget_type=\"heading.default\">\n\t\t\t\t\t<h2 class=\"elementor-heading-title elementor-size-default\">Cantina &amp; Ristorante<\/h2>\t\t\t\t<\/div>\n\t\t\t\t<div class=\"elementor-element elementor-element-886682c elementor-widget elementor-widget-text-editor\" data-id=\"886682c\" data-element_type=\"widget\" data-e-type=\"widget\" data-widget_type=\"text-editor.default\">\n\t\t\t\t\t\t\t\t\tOgni camera \u00e8 elegantemente arredata in stile classico e conferisce un raffinato senso dell\u2019accoglienza oltre a permettere agli ospiti di gustare in pieno relax la loro permanenza nel vero cuore del Salento.\t\t\t\t\t\t\t\t<\/div>\n\t\t\t\t<div class=\"elementor-element elementor-element-bcb8e1a elementor-widget elementor-widget-heading\" data-id=\"bcb8e1a\" data-element_type=\"widget\" data-e-type=\"widget\" data-widget_type=\"heading.default\">\n\t\t\t\t\t<h2 class=\"elementor-heading-title elementor-size-default\"><a href=\"\/cantina-ristorante\">Scopri di pi\u00f9<\/a><\/h2>\t\t\t\t<\/div>\n\t\t\t\t<\/div>\n\t\t\t\t<\/div>\n\t\t<div class=\"elementor-element elementor-element-40672ce e-con-full e-flex e-con e-child\" data-id=\"40672ce\" data-element_type=\"container\" data-e-type=\"container\">\n\t\t<div class=\"elementor-element elementor-element-b2abfac e-con-full e-flex e-con e-child\" data-id=\"b2abfac\" data-element_type=\"container\" data-e-type=\"container\" data-settings=\"{&quot;background_background&quot;:&quot;classic&quot;}\">\n\t\t\t\t<\/div>\n\t\t<div class=\"elementor-element elementor-element-5bd7aa1 e-con-full e-flex e-con e-child\" data-id=\"5bd7aa1\" data-element_type=\"container\" data-e-type=\"container\">\n\t\t\t\t<div class=\"elementor-element elementor-element-7844486 elementor-widget elementor-widget-heading\" data-id=\"7844486\" data-element_type=\"widget\" data-e-type=\"widget\" data-widget_type=\"heading.default\">\n\t\t\t\t\t<h2 class=\"elementor-heading-title elementor-size-default\">Meeting &amp; Congressi<\/h2>\t\t\t\t<\/div>\n\t\t\t\t<div class=\"elementor-element elementor-element-c86b2a6 elementor-widget elementor-widget-text-editor\" data-id=\"c86b2a6\" data-element_type=\"widget\" data-e-type=\"widget\" data-widget_type=\"text-editor.default\">\n\t\t\t\t\t\t\t\t\tOgni camera \u00e8 elegantemente arredata in stile classico e conferisce un raffinato senso dell\u2019accoglienza oltre a permettere agli ospiti di gustare in pieno relax la loro permanenza nel vero cuore del Salento.\t\t\t\t\t\t\t\t<\/div>\n\t\t\t\t<div class=\"elementor-element elementor-element-7e081ca elementor-widget elementor-widget-heading\" data-id=\"7e081ca\" data-element_type=\"widget\" data-e-type=\"widget\" data-widget_type=\"heading.default\">\n\t\t\t\t\t<h2 class=\"elementor-heading-title elementor-size-default\"><a href=\"\/meeting-congressi\">Scopri di pi\u00f9<\/a><\/h2>\t\t\t\t<\/div>\n\t\t\t\t<\/div>\n\t\t\t\t<\/div>\n\t\t\t\t<\/div>\n\t\t\t\t<\/div>\n\t\t\t\t<\/div>\n\t\t<div class=\"elementor-element elementor-element-5c79ce1 e-con-full e-flex e-con e-child\" data-id=\"5c79ce1\" data-element_type=\"container\" data-e-type=\"container\" data-settings=\"{&quot;background_background&quot;:&quot;classic&quot;}\">\n\t\t<div class=\"elementor-element elementor-element-ef5a4d7 e-con-full e-flex e-con e-child\" data-id=\"ef5a4d7\" data-element_type=\"container\" data-e-type=\"container\">\n\t\t<div class=\"elementor-element elementor-element-126e0b0 e-con-full e-flex e-con e-child\" data-id=\"126e0b0\" data-element_type=\"container\" data-e-type=\"container\">\n\t\t\t\t<div class=\"elementor-element elementor-element-354e58f elementor-widget elementor-widget-heading\" data-id=\"354e58f\" data-element_type=\"widget\" data-e-type=\"widget\" data-widget_type=\"heading.default\">\n\t\t\t\t\t<h2 class=\"elementor-heading-title elementor-size-default\">Wedding &amp; Banqueting <\/h2>\t\t\t\t<\/div>\n\t\t\t\t<div class=\"elementor-element elementor-element-625cb41 elementor-widget__width-initial elementor-widget elementor-widget-text-editor\" data-id=\"625cb41\" data-element_type=\"widget\" data-e-type=\"widget\" data-widget_type=\"text-editor.default\">\n\t\t\t\t\t\t\t\t\tRicevimenti nuziali, piccole cerimonie, cene di gala, e tutti i piccoli e grandi eventi della vita nelle suggestive atmosfere del nostro resort o, se preferite, nell\u2019intimit\u00e0 della vostra casa o in altre location di prestigio grazie all\u2019impeccabile servizio catering e all\u2019eleganza di allestimenti unici e irripetibili.\t\t\t\t\t\t\t\t<\/div>\n\t\t\t\t<div class=\"elementor-element elementor-element-a0def74 elementor-widget elementor-widget-heading\" data-id=\"a0def74\" data-element_type=\"widget\" data-e-type=\"widget\" data-widget_type=\"heading.default\">\n\t\t\t\t\t<h2 class=\"elementor-heading-title elementor-size-default\"><a href=\"\/wedding-banqueting\">Scopri di pi\u00f9<\/a><\/h2>\t\t\t\t<\/div>\n\t\t<div class=\"elementor-element elementor-element-8348c44 e-con-full e-flex e-con e-child\" data-id=\"8348c44\" data-element_type=\"container\" data-e-type=\"container\" data-settings=\"{&quot;background_background&quot;:&quot;classic&quot;}\">\n\t\t\t\t<\/div>\n\t\t\t\t<\/div>\n\t\t\t\t<\/div>\n\t\t<div class=\"elementor-element elementor-element-ffbb2d8 e-con-full e-flex e-con e-child\" data-id=\"ffbb2d8\" data-element_type=\"container\" data-e-type=\"container\" data-settings=\"{&quot;background_background&quot;:&quot;classic&quot;}\">\n\t\t\t\t<\/div>\n\t\t\t\t<\/div>\n\t\t<div class=\"elementor-element elementor-element-3aac2bb e-con-full e-flex e-con e-child\" data-id=\"3aac2bb\" data-element_type=\"container\" data-e-type=\"container\">\n\t\t<div class=\"elementor-element elementor-element-e9f418d e-con-full e-flex e-con e-child\" data-id=\"e9f418d\" data-element_type=\"container\" data-e-type=\"container\">\n\t\t\t\t<div class=\"elementor-element elementor-element-97924f3 elementor-widget elementor-widget-heading\" data-id=\"97924f3\" data-element_type=\"widget\" data-e-type=\"widget\" data-widget_type=\"heading.default\">\n\t\t\t\t\t<h2 class=\"elementor-heading-title elementor-size-default\">Smartbox &amp; Offerte<\/h2>\t\t\t\t<\/div>\n\t\t<div class=\"elementor-element elementor-element-da13ebd e-con-full e-flex e-con e-child\" data-id=\"da13ebd\" data-element_type=\"container\" data-e-type=\"container\">\n\t\t\t\t<div class=\"elementor-element elementor-element-0535318 elementor-widget__width-initial elementor-widget elementor-widget-text-editor\" data-id=\"0535318\" data-element_type=\"widget\" data-e-type=\"widget\" data-widget_type=\"text-editor.default\">\n\t\t\t\t\t\t\t\t\t<p>Scopri le nostre offerte speciali e i pacchetti soggiorno pensati per offrirti un&#8217;esperienza completa e indimenticabile. Che tu stia cercando un weekend romantico, una vacanza all&#8217;insegna del benessere o una fuga rigenerante tra comfort e gusto, qui troverai promozioni esclusive aggiornate regolarmente.<\/p>\t\t\t\t\t\t\t\t<\/div>\n\t\t\t\t<\/div>\n\t\t\t\t<\/div>\n\t\t\t\t<\/div>\n\t\t<div class=\"elementor-element elementor-element-7b3ffd8 e-con-full e-flex e-con e-parent\" data-id=\"7b3ffd8\" data-element_type=\"container\" data-e-type=\"container\">\n\t\t<div class=\"elementor-element elementor-element-4c12ee9 e-con-full e-flex e-con e-child\" data-id=\"4c12ee9\" data-element_type=\"container\" data-e-type=\"container\">\n\t\t<div class=\"elementor-element elementor-element-6bba5f8 e-con-full e-flex e-con e-child\" data-id=\"6bba5f8\" data-element_type=\"container\" data-e-type=\"container\" data-settings=\"{&quot;background_background&quot;:&quot;classic&quot;}\">\n\t\t\t\t<div class=\"elementor-element elementor-element-c5b3135 elementor-widget elementor-widget-heading\" data-id=\"c5b3135\" data-element_type=\"widget\" data-e-type=\"widget\" data-widget_type=\"heading.default\">\n\t\t\t\t\t<h2 class=\"elementor-heading-title elementor-size-default\">Offerte &amp; SPA<\/h2>\t\t\t\t<\/div>\n\t\t\t\t<div class=\"elementor-element elementor-element-855ba5c elementor-widget__width-initial elementor-widget elementor-widget-text-editor\" data-id=\"855ba5c\" data-element_type=\"widget\" data-e-type=\"widget\" data-widget_type=\"text-editor.default\">\n\t\t\t\t\t\t\t\t\t<p>Dai soggiorni romantici ai percorsi benessere: scopri i pacchetti speciali del Sangiorgio Resort. Scegli la formula perfetta per la tua fuga nel cuore del Salento e prenota un\u2019esperienza su misura tra storia e relax.<\/p>\t\t\t\t\t\t\t\t<\/div>\n\t\t\t\t<div class=\"elementor-element elementor-element-fd3bb04 elementor-widget elementor-widget-heading\" data-id=\"fd3bb04\" data-element_type=\"widget\" data-e-type=\"widget\" data-widget_type=\"heading.default\">\n\t\t\t\t\t<h2 class=\"elementor-heading-title elementor-size-default\"><a href=\"\/offerte-hotel\">Scopri di pi\u00f9<\/a><\/h2>\t\t\t\t<\/div>\n\t\t\t\t<\/div>\n\t\t<div class=\"elementor-element elementor-element-03d52f3 e-con-full e-flex e-con e-child\" data-id=\"03d52f3\" data-element_type=\"container\" data-e-type=\"container\" data-settings=\"{&quot;background_background&quot;:&quot;classic&quot;}\">\n\t\t\t\t<div class=\"elementor-element elementor-element-5fec3f1 elementor-widget elementor-widget-heading\" data-id=\"5fec3f1\" data-element_type=\"widget\" data-e-type=\"widget\" data-widget_type=\"heading.default\">\n\t\t\t\t\t<h2 class=\"elementor-heading-title elementor-size-default\">Pacchetti &amp; Gift<\/h2>\t\t\t\t<\/div>\n\t\t\t\t<div class=\"elementor-element elementor-element-da67003 elementor-widget__width-initial elementor-widget elementor-widget-text-editor\" data-id=\"da67003\" data-element_type=\"widget\" data-e-type=\"widget\" data-widget_type=\"text-editor.default\">\n\t\t\t\t\t\t\t\t\t<p>Regala un&#8217;esperienza indimenticabile nell&#8217;atmosfera magica del Sangiorgio Resort. Scopri come utilizzare la tua Smartbox o i nostri voucher per un soggiorno esclusivo in un antico convento.<\/p>\t\t\t\t\t\t\t\t<\/div>\n\t\t\t\t<div class=\"elementor-element elementor-element-40a7cf6 elementor-widget elementor-widget-heading\" data-id=\"40a7cf6\" data-element_type=\"widget\" data-e-type=\"widget\" data-widget_type=\"heading.default\">\n\t\t\t\t\t<h2 class=\"elementor-heading-title elementor-size-default\"><a href=\"\/pacchetti\">Scopri di pi\u00f9<\/a><\/h2>\t\t\t\t<\/div>\n\t\t\t\t<\/div>\n\t\t\t\t<\/div>\n\t\t\t\t<\/div>\n\t\t\t\t<\/div>\n\t\t","protected":false},"excerpt":{"rendered":"<p>Sangiorgio Resort &amp; SPA Ospitalit\u00e0, Natura &amp; Relax Il Sangiorgio Resort, resort di charme a Cutrofiano vicino Lecce, nel cuore del Salento, nasce dal recupero di un antico complesso monastico trasformato in una struttura elegante dedicata all\u2019ospitalit\u00e0, al benessere e agli eventi. Il ristorante propone cucina tipica salentina e piatti del territorio, accompagnati da una [&hellip;]<\/p>\n","protected":false},"author":1,"featured_media":0,"parent":0,"menu_order":0,"comment_status":"closed","ping_status":"closed","template":"elementor_header_footer","meta":{"footnotes":""},"class_list":["post-12","page","type-page","status-publish","hentry"],"_links":{"self":[{"href":"https:\/\/sangiorgioresort.it\/en\/wp-json\/wp\/v2\/pages\/12","targetHints":{"allow":["GET"]}}],"collection":[{"href":"https:\/\/sangiorgioresort.it\/en\/wp-json\/wp\/v2\/pages"}],"about":[{"href":"https:\/\/sangiorgioresort.it\/en\/wp-json\/wp\/v2\/types\/page"}],"author":[{"embeddable":true,"href":"https:\/\/sangiorgioresort.it\/en\/wp-json\/wp\/v2\/users\/1"}],"replies":[{"embeddable":true,"href":"https:\/\/sangiorgioresort.it\/en\/wp-json\/wp\/v2\/comments?post=12"}],"version-history":[{"count":1141,"href":"https:\/\/sangiorgioresort.it\/en\/wp-json\/wp\/v2\/pages\/12\/revisions"}],"predecessor-version":[{"id":4001,"href":"https:\/\/sangiorgioresort.it\/en\/wp-json\/wp\/v2\/pages\/12\/revisions\/4001"}],"wp:attachment":[{"href":"https:\/\/sangiorgioresort.it\/en\/wp-json\/wp\/v2\/media?parent=12"}],"curies":[{"name":"wp","href":"https:\/\/api.w.org\/{rel}","templated":true}]}}